{"id":106,"date":"2024-04-24T15:04:35","date_gmt":"2024-04-24T13:04:35","guid":{"rendered":"https:\/\/odalie.com\/?page_id=106"},"modified":"2025-03-08T11:22:39","modified_gmt":"2025-03-08T10:22:39","slug":"je-soutiens","status":"publish","type":"page","link":"https:\/\/odalie.com\/index.php\/je-soutiens\/","title":{"rendered":"Je soutiens"},"content":{"rendered":"\n<div class=\"wp-block-media-text is-stacked-on-mobile\"><figure class=\"wp-block-media-text__media\"><img loading=\"lazy\" decoding=\"async\" width=\"204\" height=\"130\" src=\"https:\/\/odalie.com\/wp-content\/uploads\/2024\/04\/logo-odalie.png\" alt=\"\" class=\"wp-image-107 size-full\"\/><\/figure><div class=\"wp-block-media-text__content\">\n<p class=\"has-text-align-center\"><strong>Odalie est toute jeune,<\/strong><\/p>\n\n\n\n<p class=\"has-text-align-center\"><strong> elle a besoin de vous, <\/strong><\/p>\n\n\n\n<p class=\"has-text-align-center\"><strong>aidez-nous \u00e0 la d\u00e9velopper<\/strong><\/p>\n<\/div><\/div>\n\n\n\n<p class=\"has-text-align-center\">_____________________<\/p>\n\n\n\n<ul>\n<li><strong>J&#8217;adh\u00e8re \u00e0 l&#8217;Association Odalie: 15 euros<\/strong><\/li>\n\n\n\n<li><strong>Je fais un don<\/strong><\/li>\n<\/ul>\n\n\n\n<p><\/p>\n\n\n\n<p>Adressez votre ch\u00e8que \u00e0:<\/p>\n\n\n\n<p>Association Odalie, chez Gilbert F\u00e9raud, 15 route de Clumanc 04330 Barr\u00eame<\/p>\n\n\n\n<p>Sans oublier de mentionner vos coordonn\u00e9es (adresse mail recommand\u00e9e) pour recevoir un re\u00e7u<\/p>\n\n\n\n<figure class=\"wp-block-image size-full\"><img loading=\"lazy\" decoding=\"async\" width=\"630\" height=\"488\" src=\"https:\/\/odalie.com\/wp-content\/uploads\/2025\/03\/bull-adhesion-odalie-2025.png\" alt=\"\" class=\"wp-image-264\" srcset=\"https:\/\/odalie.com\/wp-content\/uploads\/2025\/03\/bull-adhesion-odalie-2025.png 630w, https:\/\/odalie.com\/wp-content\/uploads\/2025\/03\/bull-adhesion-odalie-2025-300x232.png 300w\" sizes=\"(max-width: 630px) 100vw, 630px\" \/><\/figure>\n\n\n\n<p class=\"has-text-align-center\"><em>Clic droit sur l&#8217;image ci-dessus, &#8220;enregistrer l&#8217;image sous&#8221;.<\/em><\/p>\n\n\n\n<blockquote class=\"wp-block-quote\">\n<p class=\"has-text-align-center\">Odalie vous remercie vivement !<\/p>\n<\/blockquote>\n","protected":false},"excerpt":{"rendered":"<p>Odalie est toute jeune, elle a besoin de vous, aidez-nous \u00e0 la d\u00e9velopper _____________________ Adressez votre ch\u00e8que \u00e0: Association Odalie, chez Gilbert F\u00e9raud, 15 route de Clumanc 04330 Barr\u00eame Sans oublier de mentionner vos coordonn\u00e9es (adresse mail recommand\u00e9e) pour recevoir un re\u00e7u Clic droit sur l&#8217;image ci-dessus, &#8220;enregistrer l&#8217;image sous&#8221;. Odalie vous remercie vivement !<\/p>\n","protected":false},"author":1,"featured_media":0,"parent":0,"menu_order":0,"comment_status":"closed","ping_status":"closed","template":"","meta":{"footnotes":""},"_links":{"self":[{"href":"https:\/\/odalie.com\/index.php\/wp-json\/wp\/v2\/pages\/106"}],"collection":[{"href":"https:\/\/odalie.com\/index.php\/wp-json\/wp\/v2\/pages"}],"about":[{"href":"https:\/\/odalie.com\/index.php\/wp-json\/wp\/v2\/types\/page"}],"author":[{"embeddable":true,"href":"https:\/\/odalie.com\/index.php\/wp-json\/wp\/v2\/users\/1"}],"replies":[{"embeddable":true,"href":"https:\/\/odalie.com\/index.php\/wp-json\/wp\/v2\/comments?post=106"}],"version-history":[{"count":5,"href":"https:\/\/odalie.com\/index.php\/wp-json\/wp\/v2\/pages\/106\/revisions"}],"predecessor-version":[{"id":266,"href":"https:\/\/odalie.com\/index.php\/wp-json\/wp\/v2\/pages\/106\/revisions\/266"}],"wp:attachment":[{"href":"https:\/\/odalie.com\/index.php\/wp-json\/wp\/v2\/media?parent=106"}],"curies":[{"name":"wp","href":"https:\/\/api.w.org\/{rel}","templated":true}]}}