{"id":282,"date":"2025-04-15T22:16:29","date_gmt":"2025-04-15T20:16:29","guid":{"rendered":"https:\/\/odalie.com\/?page_id=282"},"modified":"2025-11-18T17:10:09","modified_gmt":"2025-11-18T16:10:09","slug":"videos","status":"publish","type":"page","link":"https:\/\/odalie.com\/index.php\/videos\/","title":{"rendered":"Vid\u00e9os"},"content":{"rendered":"\n<div class=\"wp-block-columns is-layout-flex wp-container-core-columns-layout-1 wp-block-columns-is-layout-flex\">\n<div class=\"wp-block-column is-layout-flow wp-block-column-is-layout-flow\">\n<p><\/p>\n<\/div>\n\n\n\n<div class=\"wp-block-column is-layout-flow wp-block-column-is-layout-flow\"><\/div>\n<\/div>\n\n\n\n<div class=\"wp-block-columns is-layout-flex wp-container-core-columns-layout-2 wp-block-columns-is-layout-flex\">\n<div class=\"wp-block-column is-layout-flow wp-block-column-is-layout-flow\">\n<p class=\"has-small-font-size\"><strong>Concert Bissap \u00e0 Barr\u00eame, 29 mars 2025<\/strong><\/p>\n<\/div>\n\n\n\n<div class=\"wp-block-column is-layout-flow wp-block-column-is-layout-flow\">\n<div class=\"wp-block-buttons is-layout-flex wp-block-buttons-is-layout-flex\">\n<div class=\"wp-block-button\"><a class=\"wp-block-button__link wp-element-button\" href=\"https:\/\/www.youtube.com\/watch?v=zWmgwj9YoXA\">cliquer<\/a><\/div>\n<\/div>\n<\/div>\n\n\n\n<div class=\"wp-block-column is-layout-flow wp-block-column-is-layout-flow\">\n<figure class=\"wp-block-image size-full is-resized\"><img loading=\"lazy\" decoding=\"async\" width=\"1024\" height=\"576\" src=\"https:\/\/odalie.com\/wp-content\/uploads\/2025\/04\/uvs250415-001.bmp\" alt=\"\" class=\"wp-image-287\" style=\"width:196px;height:auto\" srcset=\"https:\/\/odalie.com\/wp-content\/uploads\/2025\/04\/uvs250415-001.bmp 1024w, https:\/\/odalie.com\/wp-content\/uploads\/2025\/04\/uvs250415-001-300x169.jpg 300w, https:\/\/odalie.com\/wp-content\/uploads\/2025\/04\/uvs250415-001-768x432.jpg 768w\" sizes=\"(max-width: 1024px) 100vw, 1024px\" \/><\/figure>\n<\/div>\n<\/div>\n\n\n\n<div class=\"wp-block-columns is-layout-flex wp-container-core-columns-layout-3 wp-block-columns-is-layout-flex\">\n<div class=\"wp-block-column is-layout-flow wp-block-column-is-layout-flow\">\n<p class=\"has-small-font-size\" style=\"line-height:0.5\"><strong>Concert S. Lalisse <\/strong><\/p>\n\n\n\n<p class=\"has-small-font-size\" style=\"line-height:0.5\"><strong>\u00e0<\/strong> <strong>la Minoterie (A), <\/strong><\/p>\n\n\n\n<p class=\"has-small-font-size\" style=\"line-height:0.5\"><strong>16 ao\u00fbt 2025<\/strong><\/p>\n\n\n\n<p class=\"has-small-font-size\" style=\"line-height:0.5\"><strong>La Montagne est Jazz<\/strong><\/p>\n<\/div>\n\n\n\n<div class=\"wp-block-column is-layout-flow wp-block-column-is-layout-flow\">\n<div class=\"wp-block-buttons is-layout-flex wp-block-buttons-is-layout-flex\">\n<div class=\"wp-block-button\"><a class=\"wp-block-button__link wp-element-button\" href=\"https:\/\/youtu.be\/Kh3Vwx-in6g\">cliquer<\/a><\/div>\n<\/div>\n<\/div>\n\n\n\n<div class=\"wp-block-column is-layout-flow wp-block-column-is-layout-flow\">\n<figure class=\"wp-block-image size-full\"><img loading=\"lazy\" decoding=\"async\" width=\"753\" height=\"467\" src=\"https:\/\/odalie.com\/wp-content\/uploads\/2025\/08\/photo-concert.jpg\" alt=\"\" class=\"wp-image-380\" srcset=\"https:\/\/odalie.com\/wp-content\/uploads\/2025\/08\/photo-concert.jpg 753w, https:\/\/odalie.com\/wp-content\/uploads\/2025\/08\/photo-concert-300x186.jpg 300w\" sizes=\"(max-width: 753px) 100vw, 753px\" \/><\/figure>\n<\/div>\n<\/div>\n\n\n\n<div class=\"wp-block-columns is-layout-flex wp-container-core-columns-layout-4 wp-block-columns-is-layout-flex\">\n<div class=\"wp-block-column is-layout-flow wp-block-column-is-layout-flow\">\n<p class=\"has-small-font-size\" style=\"line-height:0.5\"><strong>Concert S. Lalisse <\/strong><\/p>\n\n\n\n<p class=\"has-small-font-size\" style=\"line-height:0.5\"><strong>\u00e0 la Minoterie (B),<\/strong><\/p>\n\n\n\n<p class=\"has-small-font-size\" style=\"line-height:0.5\"><strong>16 ao\u00fbt 2025<\/strong><\/p>\n\n\n\n<p class=\"has-small-font-size\" style=\"line-height:0.5\"><strong>La Montagne est Jazz<\/strong><\/p>\n<\/div>\n\n\n\n<div class=\"wp-block-column is-layout-flow wp-block-column-is-layout-flow\">\n<div class=\"wp-block-buttons is-layout-flex wp-block-buttons-is-layout-flex\">\n<div class=\"wp-block-button\"><a class=\"wp-block-button__link wp-element-button\" href=\"https:\/\/www.youtube.com\/watch?v=Fer-0mgFW_Q\">cliquer<\/a><\/div>\n<\/div>\n<\/div>\n\n\n\n<div class=\"wp-block-column is-layout-flow wp-block-column-is-layout-flow\">\n<figure class=\"wp-block-image size-full\"><img loading=\"lazy\" decoding=\"async\" width=\"753\" height=\"467\" src=\"https:\/\/odalie.com\/wp-content\/uploads\/2025\/08\/photo-concert.jpg\" alt=\"\" class=\"wp-image-380\" srcset=\"https:\/\/odalie.com\/wp-content\/uploads\/2025\/08\/photo-concert.jpg 753w, https:\/\/odalie.com\/wp-content\/uploads\/2025\/08\/photo-concert-300x186.jpg 300w\" sizes=\"(max-width: 753px) 100vw, 753px\" \/><\/figure>\n<\/div>\n<\/div>\n\n\n\n<p style=\"line-height:0.5\"><\/p>\n\n\n\n<div class=\"wp-block-columns is-layout-flex wp-container-core-columns-layout-5 wp-block-columns-is-layout-flex\">\n<div class=\"wp-block-column is-layout-flow wp-block-column-is-layout-flow\">\n<p class=\"has-small-font-size\" style=\"line-height:0.5\"><strong>Il suffit de passer le col<\/strong><\/p>\n\n\n\n<p class=\"has-small-font-size\" style=\"line-height:0.5\"><strong>Clumanc<\/strong><\/p>\n\n\n\n<p class=\"has-small-font-size\" style=\"line-height:0.5\"><strong>13 septembre 2025<\/strong><\/p>\n\n\n\n<p class=\"has-small-font-size\" style=\"line-height:0.5\"><strong>La Montagne est Jazz<\/strong><\/p>\n<\/div>\n\n\n\n<div class=\"wp-block-column is-layout-flow wp-block-column-is-layout-flow\">\n<div class=\"wp-block-buttons is-layout-flex wp-block-buttons-is-layout-flex\">\n<div class=\"wp-block-button\"><a class=\"wp-block-button__link wp-element-button\" href=\"https:\/\/youtu.be\/vc8eamfV_Fw\">cliquer<\/a><\/div>\n<\/div>\n<\/div>\n\n\n\n<div class=\"wp-block-column is-layout-flow wp-block-column-is-layout-flow\">\n<figure class=\"wp-block-image size-full\"><img loading=\"lazy\" decoding=\"async\" width=\"746\" height=\"420\" src=\"https:\/\/odalie.com\/wp-content\/uploads\/2025\/09\/image.png\" alt=\"\" class=\"wp-image-413\" srcset=\"https:\/\/odalie.com\/wp-content\/uploads\/2025\/09\/image.png 746w, https:\/\/odalie.com\/wp-content\/uploads\/2025\/09\/image-300x169.png 300w\" sizes=\"(max-width: 746px) 100vw, 746px\" \/><\/figure>\n<\/div>\n<\/div>\n\n\n\n<div class=\"wp-block-columns is-layout-flex wp-container-core-columns-layout-6 wp-block-columns-is-layout-flex\">\n<div class=\"wp-block-column is-layout-flow wp-block-column-is-layout-flow\">\n<p class=\"has-small-font-size\" style=\"line-height:0.5\"><strong><em>&#8220;Beatrice&#8221;<\/em><\/strong><\/p>\n\n\n\n<p class=\"has-small-font-size\" style=\"line-height:0.5\"><strong>Clumanc quart. Micciche<\/strong><\/p>\n\n\n\n<p class=\"has-small-font-size\" style=\"line-height:0.5\"><strong>13 septembre 2025<\/strong><\/p>\n\n\n\n<p class=\"has-small-font-size\" style=\"line-height:0.5\"><strong>La Montagne est Jazz<\/strong><\/p>\n<\/div>\n\n\n\n<div class=\"wp-block-column is-layout-flow wp-block-column-is-layout-flow\">\n<div class=\"wp-block-buttons is-layout-flex wp-block-buttons-is-layout-flex\">\n<div class=\"wp-block-button\"><a class=\"wp-block-button__link wp-element-button\" href=\"https:\/\/youtu.be\/egKyBVhUO5c\">cliquer<\/a><\/div>\n<\/div>\n<\/div>\n\n\n\n<div class=\"wp-block-column is-layout-flow wp-block-column-is-layout-flow\">\n<figure class=\"wp-block-image size-full\"><img loading=\"lazy\" decoding=\"async\" width=\"746\" height=\"420\" src=\"https:\/\/odalie.com\/wp-content\/uploads\/2025\/09\/image.png\" alt=\"\" class=\"wp-image-413\" srcset=\"https:\/\/odalie.com\/wp-content\/uploads\/2025\/09\/image.png 746w, https:\/\/odalie.com\/wp-content\/uploads\/2025\/09\/image-300x169.png 300w\" sizes=\"(max-width: 746px) 100vw, 746px\" \/><\/figure>\n<\/div>\n<\/div>\n\n\n\n<div class=\"wp-block-columns is-layout-flex wp-container-core-columns-layout-7 wp-block-columns-is-layout-flex\">\n<div class=\"wp-block-column is-layout-flow wp-block-column-is-layout-flow\">\n<p class=\"has-small-font-size\" style=\"line-height:0.5\"><strong>Concert Barthalo<\/strong><\/p>\n\n\n\n<p class=\"has-small-font-size\" style=\"line-height:0.5\"><strong>Barr\u00eame<\/strong><\/p>\n\n\n\n<p class=\"has-small-font-size\" style=\"line-height:0.5\"><strong>25 novembre 2025<\/strong><\/p>\n\n\n\n<p class=\"has-small-font-size\" style=\"line-height:0.5\"><strong>La Montagne est Jazz<\/strong><\/p>\n<\/div>\n\n\n\n<div class=\"wp-block-column is-layout-flow wp-block-column-is-layout-flow\">\n<div class=\"wp-block-buttons is-layout-flex wp-block-buttons-is-layout-flex\">\n<div class=\"wp-block-button\"><a class=\"wp-block-button__link wp-element-button\" href=\"https:\/\/youtu.be\/QmXbsB3QmAw\">cliquer<\/a><\/div>\n<\/div>\n\n\n\n<div class=\"wp-block-buttons is-layout-flex wp-block-buttons-is-layout-flex\"><\/div>\n<\/div>\n\n\n\n<div class=\"wp-block-column is-layout-flow wp-block-column-is-layout-flow\">\n<figure class=\"wp-block-image size-full\"><img loading=\"lazy\" decoding=\"async\" width=\"1024\" height=\"576\" src=\"https:\/\/odalie.com\/wp-content\/uploads\/2025\/11\/uvs251118-001.bmp\" alt=\"\" class=\"wp-image-471\" srcset=\"https:\/\/odalie.com\/wp-content\/uploads\/2025\/11\/uvs251118-001.bmp 1024w, https:\/\/odalie.com\/wp-content\/uploads\/2025\/11\/uvs251118-001-300x169.jpg 300w, https:\/\/odalie.com\/wp-content\/uploads\/2025\/11\/uvs251118-001-768x432.jpg 768w\" sizes=\"(max-width: 1024px) 100vw, 1024px\" \/><\/figure>\n<\/div>\n<\/div>\n\n\n\n<div class=\"wp-block-columns is-layout-flex wp-container-core-columns-layout-8 wp-block-columns-is-layout-flex\"><\/div>\n\n\n\n<div class=\"wp-block-columns is-layout-flex wp-container-core-columns-layout-9 wp-block-columns-is-layout-flex\"><\/div>\n\n\n\n<div class=\"wp-block-columns is-layout-flex wp-container-core-columns-layout-10 wp-block-columns-is-layout-flex\"><\/div>\n\n\n\n<div class=\"wp-block-columns is-layout-flex wp-container-core-columns-layout-11 wp-block-columns-is-layout-flex\"><\/div>\n","protected":false},"excerpt":{"rendered":"<p>Concert Bissap \u00e0 Barr\u00eame, 29 mars 2025 Concert S. Lalisse \u00e0 la Minoterie (A), 16 ao\u00fbt 2025 La Montagne est Jazz Concert S. Lalisse \u00e0 la Minoterie (B), 16 ao\u00fbt 2025 La Montagne est Jazz Il suffit de passer le col Clumanc 13 septembre 2025 La Montagne est Jazz &#8220;Beatrice&#8221; Clumanc quart. Micciche 13 septembre [&hellip;]<\/p>\n","protected":false},"author":1,"featured_media":0,"parent":0,"menu_order":0,"comment_status":"closed","ping_status":"closed","template":"","meta":{"footnotes":""},"_links":{"self":[{"href":"https:\/\/odalie.com\/index.php\/wp-json\/wp\/v2\/pages\/282"}],"collection":[{"href":"https:\/\/odalie.com\/index.php\/wp-json\/wp\/v2\/pages"}],"about":[{"href":"https:\/\/odalie.com\/index.php\/wp-json\/wp\/v2\/types\/page"}],"author":[{"embeddable":true,"href":"https:\/\/odalie.com\/index.php\/wp-json\/wp\/v2\/users\/1"}],"replies":[{"embeddable":true,"href":"https:\/\/odalie.com\/index.php\/wp-json\/wp\/v2\/comments?post=282"}],"version-history":[{"count":16,"href":"https:\/\/odalie.com\/index.php\/wp-json\/wp\/v2\/pages\/282\/revisions"}],"predecessor-version":[{"id":474,"href":"https:\/\/odalie.com\/index.php\/wp-json\/wp\/v2\/pages\/282\/revisions\/474"}],"wp:attachment":[{"href":"https:\/\/odalie.com\/index.php\/wp-json\/wp\/v2\/media?parent=282"}],"curies":[{"name":"wp","href":"https:\/\/api.w.org\/{rel}","templated":true}]}}