{"id":66,"date":"2024-03-07T10:24:31","date_gmt":"2024-03-07T09:24:31","guid":{"rendered":"https:\/\/odalie.com\/?page_id=66"},"modified":"2026-03-30T21:38:01","modified_gmt":"2026-03-30T19:38:01","slug":"accueil-2","status":"publish","type":"page","link":"https:\/\/odalie.com\/","title":{"rendered":"Accueil"},"content":{"rendered":"\n<figure class=\"wp-block-image size-full is-resized\"><img loading=\"lazy\" decoding=\"async\" width=\"788\" height=\"323\" src=\"https:\/\/odalie.com\/wp-content\/uploads\/2024\/03\/entete-image.jpg\" alt=\"\" class=\"wp-image-21\" style=\"width:622px;height:auto\" srcset=\"https:\/\/odalie.com\/wp-content\/uploads\/2024\/03\/entete-image.jpg 788w, https:\/\/odalie.com\/wp-content\/uploads\/2024\/03\/entete-image-300x123.jpg 300w, https:\/\/odalie.com\/wp-content\/uploads\/2024\/03\/entete-image-768x315.jpg 768w\" sizes=\"(max-width: 788px) 100vw, 788px\" \/><\/figure>\n\n\n\n<p class=\"has-text-align-center\"><strong>Journ\u00e9e greffe et taille de fruitiers<\/strong><\/p>\n\n\n\n<p class=\"has-text-align-center\"><strong>le mercredi 8 avril \u00e0 Saint Lions<\/strong><\/p>\n\n\n\n<p class=\"has-text-align-center\">______<\/p>\n\n\n\n<p class=\"has-text-align-center\"><strong>Concert<\/strong><\/p>\n\n\n\n<p class=\"has-text-align-center\"><strong>musique arabo-andalouse<\/strong><\/p>\n\n\n\n<p class=\"has-text-align-center\"><strong>le samedi 23 mai 2026<\/strong><\/p>\n\n\n\n<p class=\"has-text-align-center\"><strong>\u00e0 Barr\u00eame<\/strong><\/p>\n\n\n\n<p class=\"has-text-align-center\">(tous les d\u00e9tails dans la rubrique &#8220;Tous les \u00e9v\u00e9nements&#8221;)<\/p>\n\n\n\n<p><\/p>\n\n\n\n<blockquote class=\"wp-block-quote\">\n<p class=\"has-text-align-center\"><em>La culture pour le plaisir<\/em><\/p>\n\n\n\n<p class=\"has-text-align-center\"><em>Le plaisir dans la culture<\/em><\/p>\n<\/blockquote>\n\n\n\n<figure class=\"wp-block-image size-full\"><img loading=\"lazy\" decoding=\"async\" width=\"773\" height=\"406\" src=\"https:\/\/odalie.com\/wp-content\/uploads\/2024\/03\/photos-page-accueil.jpg\" alt=\"\" class=\"wp-image-63\" srcset=\"https:\/\/odalie.com\/wp-content\/uploads\/2024\/03\/photos-page-accueil.jpg 773w, https:\/\/odalie.com\/wp-content\/uploads\/2024\/03\/photos-page-accueil-300x158.jpg 300w, https:\/\/odalie.com\/wp-content\/uploads\/2024\/03\/photos-page-accueil-768x403.jpg 768w\" sizes=\"(max-width: 773px) 100vw, 773px\" \/><\/figure>\n\n\n\n<p class=\"has-text-align-center\"><\/p>\n","protected":false},"excerpt":{"rendered":"<p>Journ\u00e9e greffe et taille de fruitiers le mercredi 8 avril \u00e0 Saint Lions ______ Concert musique arabo-andalouse le samedi 23 mai 2026 \u00e0 Barr\u00eame (tous les d\u00e9tails dans la rubrique &#8220;Tous les \u00e9v\u00e9nements&#8221;) La culture pour le plaisir Le plaisir dans la culture<\/p>\n","protected":false},"author":1,"featured_media":0,"parent":0,"menu_order":0,"comment_status":"closed","ping_status":"closed","template":"","meta":{"footnotes":""},"_links":{"self":[{"href":"https:\/\/odalie.com\/index.php\/wp-json\/wp\/v2\/pages\/66"}],"collection":[{"href":"https:\/\/odalie.com\/index.php\/wp-json\/wp\/v2\/pages"}],"about":[{"href":"https:\/\/odalie.com\/index.php\/wp-json\/wp\/v2\/types\/page"}],"author":[{"embeddable":true,"href":"https:\/\/odalie.com\/index.php\/wp-json\/wp\/v2\/users\/1"}],"replies":[{"embeddable":true,"href":"https:\/\/odalie.com\/index.php\/wp-json\/wp\/v2\/comments?post=66"}],"version-history":[{"count":15,"href":"https:\/\/odalie.com\/index.php\/wp-json\/wp\/v2\/pages\/66\/revisions"}],"predecessor-version":[{"id":499,"href":"https:\/\/odalie.com\/index.php\/wp-json\/wp\/v2\/pages\/66\/revisions\/499"}],"wp:attachment":[{"href":"https:\/\/odalie.com\/index.php\/wp-json\/wp\/v2\/media?parent=66"}],"curies":[{"name":"wp","href":"https:\/\/api.w.org\/{rel}","templated":true}]}}